{"id":786,"date":"2021-05-02T08:59:37","date_gmt":"2021-05-02T06:59:37","guid":{"rendered":"https:\/\/milycruch.com\/?post_type=product&#038;p=786"},"modified":"2024-01-24T22:15:31","modified_gmt":"2024-01-24T21:15:31","slug":"tu-mitad-famosa","status":"publish","type":"product","link":"https:\/\/milycruch.com\/es\/produit\/ta-moitie-illustree\/","title":{"rendered":"Retrato creativo personalizado: inmortaliza a tu pareja en una ilustraci\u00f3n"},"content":{"rendered":"<p>Descubre el arte de inmortalizar los rostros que m\u00e1s aprecias con un servicio \u00fanico de retratos personalizados. En mis manos art\u00edsticas, tu foto se transforma en un fascinante retrato ilustrado que captura la esencia de la persona que tanto admiras. Recibir\u00e1s tu retrato, una composici\u00f3n de medio rostro interpretada art\u00edsticamente, en un archivo JPG de alta resoluci\u00f3n, perfecto para regalar o para realzar tu espacio personal. Pr\u00f3ximamente, tambi\u00e9n tendr\u00e1s la oportunidad de adornar diversos productos cotidianos con tu ilustraci\u00f3n personalizada. \u00a1No te lo pierdas!<\/p>","protected":false},"excerpt":{"rendered":"<p>Te muestro en mi peque\u00f1o mundo la mitad de un retrato de una foto tuya o de un ser querido. Se entrega en formato digital .jpg de alta definici\u00f3n; puedes regalarlo o qued\u00e1rtelo.<br \/>\nTambi\u00e9n podr\u00e1s aplicarlo pr\u00f3ximamente a otros medios que aparecer\u00e1n en mi tienda.<\/p>","protected":false},"featured_media":1297,"comment_status":"closed","ping_status":"closed","template":"","meta":[],"product_brand":[],"product_cat":[35],"product_tag":[],"class_list":{"0":"post-786","1":"product","2":"type-product","3":"status-publish","4":"has-post-thumbnail","6":"product_cat-portraits-illustres","8":"first","9":"instock","10":"taxable","11":"shipping-taxable","12":"purchasable","13":"product-type-simple"},"_links":{"self":[{"href":"https:\/\/milycruch.com\/es\/wp-json\/wp\/v2\/product\/786","targetHints":{"allow":["GET"]}}],"collection":[{"href":"https:\/\/milycruch.com\/es\/wp-json\/wp\/v2\/product"}],"about":[{"href":"https:\/\/milycruch.com\/es\/wp-json\/wp\/v2\/types\/product"}],"replies":[{"embeddable":true,"href":"https:\/\/milycruch.com\/es\/wp-json\/wp\/v2\/comments?post=786"}],"version-history":[{"count":0,"href":"https:\/\/milycruch.com\/es\/wp-json\/wp\/v2\/product\/786\/revisions"}],"wp:featuredmedia":[{"embeddable":true,"href":"https:\/\/milycruch.com\/es\/wp-json\/wp\/v2\/media\/1297"}],"wp:attachment":[{"href":"https:\/\/milycruch.com\/es\/wp-json\/wp\/v2\/media?parent=786"}],"wp:term":[{"taxonomy":"product_brand","embeddable":true,"href":"https:\/\/milycruch.com\/es\/wp-json\/wp\/v2\/product_brand?post=786"},{"taxonomy":"product_cat","embeddable":true,"href":"https:\/\/milycruch.com\/es\/wp-json\/wp\/v2\/product_cat?post=786"},{"taxonomy":"product_tag","embeddable":true,"href":"https:\/\/milycruch.com\/es\/wp-json\/wp\/v2\/product_tag?post=786"}],"curies":[{"name":"gracias","href":"https:\/\/api.w.org\/{rel}","templated":true}]}}