{"id":713,"date":"2021-05-08T23:00:26","date_gmt":"2021-05-08T21:00:26","guid":{"rendered":"https:\/\/milycruch.com\/?post_type=product&#038;p=713"},"modified":"2024-01-24T22:00:19","modified_gmt":"2024-01-24T21:00:19","slug":"ora-baraja-de-54-cartas-blackcore-lino","status":"publish","type":"product","link":"https:\/\/milycruch.com\/es\/produit\/ora-jeu-de-54-cartes-blackcore-linen\/","title":{"rendered":"Juegos de cartas ORA, Edici\u00f3n ilustrada de coleccionista, Dise\u00f1o \u00fanico, Premium"},"content":{"rendered":"<p class=\"p1\"><span class=\"s1\">Sum\u00e9rgete en el incre\u00edble mundo del juego de cartas, donde cada carta presenta una de las 54 ilustraciones \u00fanicas que cre\u00e9 a mano en una tableta. Cada baraja es como un tesoro personalizado, con temas inspirados en mis obras y pel\u00edculas favoritas: Naturalezas, Eruditos, Ciberpunks y M\u00edsticos.<\/span><\/p>\n<p class=\"p1\"><span class=\"s1\">Imagina: una sensaci\u00f3n suave y texturizada gracias al flexible papel de lino. Las cartas se deslizan entre tus dedos con una fluidez m\u00e1gica. \u00a1Sin ara\u00f1azos ni esquinas da\u00f1adas! Gracias a los bordes y el n\u00facleo ennegrecidos, tu juego se mantiene elegante e impecable, incluso despu\u00e9s de mil partidas alocadas. Es s\u00f3lido, porque est\u00e1 firmado por Ludocard.com, los profesionales de los juegos de mesa.<\/span><\/p>\n<p class=\"p1\"><span class=\"s1\">Te encantar\u00e1 este formato de carta, dise\u00f1ado a medida para mostrar tu estilo de dibujo. Mide 62 mm x 100 mm, el tama\u00f1o perfecto para manejar tus cartas con facilidad. \u00bfY la guinda del pastel? Cada baraja llega protegida en una caja de cart\u00f3n hecha y doblada a mano. Es una aut\u00e9ntica obra de arte. Le da a tu baraja una protecci\u00f3n elegante y \u00fanica, a la vez que anuncia con elegancia lo que esconde. Una presentaci\u00f3n que marca la diferencia. \u00a1Ya est\u00e1s listo para maravillarte con cada partida!<\/span><\/p>\n<p>&nbsp;<\/p>","protected":false},"excerpt":{"rendered":"<p>Descubre juegos de cartas \u00fanicos en Ludocard.com, donde cada baraja es una obra de arte personalizada con 54 ilustraciones originales. Elaboradas con suave papel de lino y una caja de cart\u00f3n artesanal, estas cartas ofrecen una experiencia de juego m\u00e1gica y elegante, dise\u00f1ada por los expertos de Ludocard.com.<\/p>","protected":false},"featured_media":21535,"comment_status":"closed","ping_status":"closed","template":"","meta":[],"product_brand":[],"product_cat":[36],"product_tag":[48],"class_list":{"0":"post-713","1":"product","2":"type-product","3":"status-publish","4":"has-post-thumbnail","6":"product_cat-jeux-de-cartes","7":"product_tag-jeu-de-cartes","9":"first","10":"outofstock","11":"taxable","12":"shipping-taxable","13":"purchasable","14":"product-type-simple"},"_links":{"self":[{"href":"https:\/\/milycruch.com\/es\/wp-json\/wp\/v2\/product\/713","targetHints":{"allow":["GET"]}}],"collection":[{"href":"https:\/\/milycruch.com\/es\/wp-json\/wp\/v2\/product"}],"about":[{"href":"https:\/\/milycruch.com\/es\/wp-json\/wp\/v2\/types\/product"}],"replies":[{"embeddable":true,"href":"https:\/\/milycruch.com\/es\/wp-json\/wp\/v2\/comments?post=713"}],"version-history":[{"count":0,"href":"https:\/\/milycruch.com\/es\/wp-json\/wp\/v2\/product\/713\/revisions"}],"wp:featuredmedia":[{"embeddable":true,"href":"https:\/\/milycruch.com\/es\/wp-json\/wp\/v2\/media\/21535"}],"wp:attachment":[{"href":"https:\/\/milycruch.com\/es\/wp-json\/wp\/v2\/media?parent=713"}],"wp:term":[{"taxonomy":"product_brand","embeddable":true,"href":"https:\/\/milycruch.com\/es\/wp-json\/wp\/v2\/product_brand?post=713"},{"taxonomy":"product_cat","embeddable":true,"href":"https:\/\/milycruch.com\/es\/wp-json\/wp\/v2\/product_cat?post=713"},{"taxonomy":"product_tag","embeddable":true,"href":"https:\/\/milycruch.com\/es\/wp-json\/wp\/v2\/product_tag?post=713"}],"curies":[{"name":"gracias","href":"https:\/\/api.w.org\/{rel}","templated":true}]}}