{"id":479,"date":"2021-04-24T17:20:03","date_gmt":"2021-04-24T15:20:03","guid":{"rendered":"https:\/\/milycruch.com\/?post_type=product&#038;p=479"},"modified":"2024-01-24T22:15:11","modified_gmt":"2024-01-24T21:15:11","slug":"conjunto-de-varias-postales-para-elegir","status":"publish","type":"product","link":"https:\/\/milycruch.com\/es\/produit\/lot-de-plusieures-cartes-postales-au-choix\/","title":{"rendered":"Lote de 2, 3, 4 postales zentangle de tu elecci\u00f3n"},"content":{"rendered":"<p>\u00bfQu\u00e9 puede ser mejor que admirar paisajes?<br \/>\nA partir de ilustraciones, en torno a un universo natural minimalista as\u00ed como un toque zen tangle, estos peque\u00f1os dibujos con formas geom\u00e9tricas embellecer\u00e1n tus ilustraciones y evadirse de la vida cotidiana.<\/p>\n<p>Decora tus paredes y adem\u00e1s ofr\u00e9celo a tus seres queridos, te permitir\u00e1 viajar, recordar buenos momentos vividos a trav\u00e9s de las estaciones, \u00e9pocas y lugares.<br \/>\nEn el reverso tendr\u00e1s espacio para escribir tus pensamientos y mensajes de amor a tus seres queridos.<\/p>\n<p>Dimensiones de la tarjeta: 13,5\u00d713,5 cm<br \/>\nImpreso en papel acuarela de 300gr.<br \/>\nSe adjuntan 2 bonitos sobres kraft en blanco de 15x15 cm<\/p>","protected":false},"excerpt":{"rendered":"<p>\u00bfQu\u00e9 puede ser mejor que admirar paisajes?<br \/>\nA partir de ilustraciones, en torno a un universo natural minimalista as\u00ed como un toque zen tangle, estos peque\u00f1os dibujos con formas geom\u00e9tricas embellecer\u00e1n tus ilustraciones y evadirse de la vida cotidiana.<\/p>\n<p>Decora tus paredes y adem\u00e1s ofr\u00e9celo a tus seres queridos, te permitir\u00e1 viajar, recordar buenos momentos vividos a trav\u00e9s de las estaciones, \u00e9pocas y lugares.<br \/>\nEn el reverso tendr\u00e1s espacio para escribir tus pensamientos y mensajes de amor a tus seres queridos.<\/p>\n<p>Dimensiones de la tarjeta: 13,5\u00d713,5 cm<br \/>\nImpreso en papel acuarela de 300gr.<br \/>\nSe adjuntan 2 bonitos sobres kraft en blanco de 15x15 cm<\/p>","protected":false},"featured_media":727,"comment_status":"closed","ping_status":"closed","template":"","meta":[],"product_brand":[],"product_cat":[40],"product_tag":[],"class_list":{"0":"post-479","1":"product","2":"type-product","3":"status-publish","4":"has-post-thumbnail","6":"product_cat-cartes-postales","8":"first","9":"instock","10":"taxable","11":"shipping-taxable","12":"product-type-grouped"},"_links":{"self":[{"href":"https:\/\/milycruch.com\/es\/wp-json\/wp\/v2\/product\/479","targetHints":{"allow":["GET"]}}],"collection":[{"href":"https:\/\/milycruch.com\/es\/wp-json\/wp\/v2\/product"}],"about":[{"href":"https:\/\/milycruch.com\/es\/wp-json\/wp\/v2\/types\/product"}],"replies":[{"embeddable":true,"href":"https:\/\/milycruch.com\/es\/wp-json\/wp\/v2\/comments?post=479"}],"version-history":[{"count":0,"href":"https:\/\/milycruch.com\/es\/wp-json\/wp\/v2\/product\/479\/revisions"}],"wp:featuredmedia":[{"embeddable":true,"href":"https:\/\/milycruch.com\/es\/wp-json\/wp\/v2\/media\/727"}],"wp:attachment":[{"href":"https:\/\/milycruch.com\/es\/wp-json\/wp\/v2\/media?parent=479"}],"wp:term":[{"taxonomy":"product_brand","embeddable":true,"href":"https:\/\/milycruch.com\/es\/wp-json\/wp\/v2\/product_brand?post=479"},{"taxonomy":"product_cat","embeddable":true,"href":"https:\/\/milycruch.com\/es\/wp-json\/wp\/v2\/product_cat?post=479"},{"taxonomy":"product_tag","embeddable":true,"href":"https:\/\/milycruch.com\/es\/wp-json\/wp\/v2\/product_tag?post=479"}],"curies":[{"name":"gracias","href":"https:\/\/api.w.org\/{rel}","templated":true}]}}