{"id":46546,"date":"2023-10-25T11:33:16","date_gmt":"2023-10-25T09:33:16","guid":{"rendered":"https:\/\/milycruch.com\/?post_type=product&#038;p=46546"},"modified":"2023-10-25T19:04:04","modified_gmt":"2023-10-25T17:04:04","slug":"juego-de-bolos-nordico-molkky-hippie","status":"publish","type":"product","link":"https:\/\/milycruch.com\/es\/produit\/jeu-de-quille-nordique-molkky-hippie\/","title":{"rendered":"Juego de bolos n\u00f3rdicos M\u00f6lkky HIPPIE"},"content":{"rendered":"<p>Este es Molkky con un toque hippie. Cada pieza es un lienzo en blanco para la expresi\u00f3n art\u00edstica. Cada pelota est\u00e1 pintada a mano con una creatividad l\u00fadica, estampados florales apacibles y colores vibrantes que evocan recuerdos de verano. Los detalles meticulosos y los dise\u00f1os \u00fanicos le dan un toque personal. Es un juego que invita a la relajaci\u00f3n y la creatividad, y cobra personalidad con cada quemadura de sol, cada rasgu\u00f1o, creando una historia visual de cada partida. Esta es la esencia del juego de esp\u00edritu hippie, donde el arte y la convivencia se unen para crear una experiencia de juego memorable y animada. \u2728\ud83c\udf3c\ud83c\udfa8 Incluye una red especial para recoger los bolos derribados, lo que le da un toque pr\u00e1ctico a tu aventura de lanzamiento. Adem\u00e1s, es una excelente manera de evitar tener que buscar bolos en la hierba alta.<\/p>\n<p><strong>Reglas del juego:<\/strong><\/p>\n<ul>\n<li>Entrenamiento divertido: \u00a1Imagina un arco\u00edris en el suelo! Coloca los alfileres de madera, cada uno de un color diferente: rosa, azul y morado. Es como si los alfileres se estuvieran preparando para un festival de colores.<\/li>\n<li>Lanzamiento de Fiesta: \u00a1Agarra el palo de lanzamiento! \u00a1Es como tu boleto a la diversi\u00f3n! Al lanzar, los bolos bailan como si estuvieran dando un espect\u00e1culo.<\/li>\n<li>Puntuaci\u00f3n Explosiva: Cada bolo derribado gana puntos equivalentes a su n\u00famero. \u00bfUn bolo de 8? \u00a1Listo, 8 puntos en tu bolsillo! Cuantos m\u00e1s bolos derribes, m\u00e1s puntos ganar\u00e1s. \u00a1Emocionante, verdad?<\/li>\n<li>50, el N\u00famero M\u00e1gico: Este es el plan: Intenta alcanzar exactamente 50 puntos. Pero ten cuidado, si te pasas, te quedar\u00e1s con 25 puntos. Es como si el juego te hiciera un gui\u00f1o.<\/li>\n<li>Red de rescate: Los bolos ca\u00eddos se quedan en el suelo, listos para la siguiente ronda. La red integrada act\u00faa como un equipo de limpieza que se encarga de todo.<\/li>\n<li>La Coronaci\u00f3n: El primer jugador en alcanzar los 50 puntos se convierte en el amo del &quot;Molkky Arco\u00edris&quot;. \u00a1Imagina el momento de gloria!<\/li>\n<\/ul>\n<p>\u00bfListos para embarcarte en esta colorida y alegre aventura? Con estas reglas en la mano, est\u00e1s listo para brillar y festejar con el &quot;Arco\u00edris Molkky&quot;.<br \/>\n\u00a1Coge el palo, llama a tus amigos y emb\u00e1rcate en esta aventura \u00e9pica de colores y risas! \ud83c\udf08\ud83c\udf89<\/p>","protected":false},"excerpt":{"rendered":"<p>Voici un Molkky aux vibes hippies. Chaque pi\u00e8ce est une toile blanche pour l&rsquo;expression artistique. Chaque boule est peinte \u00e0 la main avec une cr\u00e9ativit\u00e9 enjou\u00e9e, des motifs floraux paisibles et des couleurs vives qui \u00e9voquent des souvenirs d&rsquo;\u00e9t\u00e9. Les d\u00e9tails minutieux et les motifs uniques ajoutent une touche personnelle \u00e0 chaque boule. C&rsquo;est un [&hellip;]<\/p>\n","protected":false},"featured_media":47183,"comment_status":"closed","ping_status":"closed","template":"","meta":[],"product_brand":[],"product_cat":[59],"product_tag":[66,65],"class_list":{"0":"post-46546","1":"product","2":"type-product","3":"status-publish","4":"has-post-thumbnail","6":"product_cat-jeux-de-quilles","7":"product_tag-jeu-de-quilles","8":"product_tag-molkky","9":"product_shipping_class-colis","11":"first","12":"instock","13":"sold-individually","14":"taxable","15":"shipping-taxable","16":"purchasable","17":"product-type-simple"},"_links":{"self":[{"href":"https:\/\/milycruch.com\/es\/wp-json\/wp\/v2\/product\/46546","targetHints":{"allow":["GET"]}}],"collection":[{"href":"https:\/\/milycruch.com\/es\/wp-json\/wp\/v2\/product"}],"about":[{"href":"https:\/\/milycruch.com\/es\/wp-json\/wp\/v2\/types\/product"}],"replies":[{"embeddable":true,"href":"https:\/\/milycruch.com\/es\/wp-json\/wp\/v2\/comments?post=46546"}],"version-history":[{"count":0,"href":"https:\/\/milycruch.com\/es\/wp-json\/wp\/v2\/product\/46546\/revisions"}],"wp:featuredmedia":[{"embeddable":true,"href":"https:\/\/milycruch.com\/es\/wp-json\/wp\/v2\/media\/47183"}],"wp:attachment":[{"href":"https:\/\/milycruch.com\/es\/wp-json\/wp\/v2\/media?parent=46546"}],"wp:term":[{"taxonomy":"product_brand","embeddable":true,"href":"https:\/\/milycruch.com\/es\/wp-json\/wp\/v2\/product_brand?post=46546"},{"taxonomy":"product_cat","embeddable":true,"href":"https:\/\/milycruch.com\/es\/wp-json\/wp\/v2\/product_cat?post=46546"},{"taxonomy":"product_tag","embeddable":true,"href":"https:\/\/milycruch.com\/es\/wp-json\/wp\/v2\/product_tag?post=46546"}],"curies":[{"name":"gracias","href":"https:\/\/api.w.org\/{rel}","templated":true}]}}