{"id":463,"date":"2021-04-23T20:00:34","date_gmt":"2021-04-23T18:00:34","guid":{"rendered":"https:\/\/milycruch.com\/?post_type=product&#038;p=463"},"modified":"2024-01-24T22:16:42","modified_gmt":"2024-01-24T21:16:42","slug":"postal-cuadrada-zentangle-purpura-luna","status":"publish","type":"product","link":"https:\/\/milycruch.com\/es\/produit\/lunightpurple-carte-postale-carre-zentangle\/","title":{"rendered":"LUNIGHTPURPLE, postal cuadrada zentangle"},"content":{"rendered":"<p>\u00bfQu\u00e9 puede ser mejor que admirar paisajes?<br \/>\nA partir de ilustraciones, en torno a un universo natural minimalista as\u00ed como un toque zen tangle, estos peque\u00f1os dibujos con formas geom\u00e9tricas embellecer\u00e1n tus ilustraciones y evadirse de la vida cotidiana.<\/p>\n<p>Decora tus paredes y adem\u00e1s ofr\u00e9celo a tus seres queridos, te permitir\u00e1 viajar, recordar buenos momentos vividos a trav\u00e9s de las estaciones, \u00e9pocas y lugares.<br \/>\nEn el reverso tendr\u00e1s espacio para escribir tus pensamientos y mensajes de amor a tus seres queridos.<\/p>\n<p>El tama\u00f1o de la tarjeta 13,5\u00d713,5 cm<br \/>\nFueron impresas en papel de acuarela de 300 gr.<br \/>\nEnviado en un hermoso sobre kraft de 15\u00d715<\/p>","protected":false},"excerpt":{"rendered":"<p>\u00bfQu\u00e9 puede ser mejor que admirar paisajes?<br \/>\nA partir de ilustraciones, en torno a un universo natural minimalista as\u00ed como un toque zen tangle, estos peque\u00f1os dibujos con formas geom\u00e9tricas embellecer\u00e1n tus ilustraciones y evadirse de la vida cotidiana.<\/p>\n<p>Decora tus paredes y adem\u00e1s ofr\u00e9celo a tus seres queridos, te permitir\u00e1 viajar, recordar buenos momentos vividos a trav\u00e9s de las estaciones, \u00e9pocas y lugares.<br \/>\nEn el reverso tendr\u00e1s espacio para escribir tus pensamientos y mensajes de amor a tus seres queridos.<\/p>\n<p>El tama\u00f1o de la tarjeta 13,5\u00d713,5 cm<br \/>\nFueron impresas en papel de acuarela de 300 gr.<br \/>\nEnviado en un hermoso sobre kraft de 15\u00d715<\/p>","protected":false},"featured_media":729,"comment_status":"closed","ping_status":"closed","template":"","meta":[],"product_brand":[],"product_cat":[40],"product_tag":[],"class_list":{"0":"post-463","1":"product","2":"type-product","3":"status-publish","4":"has-post-thumbnail","6":"product_cat-cartes-postales","8":"first","9":"instock","10":"taxable","11":"shipping-taxable","12":"purchasable","13":"product-type-simple"},"_links":{"self":[{"href":"https:\/\/milycruch.com\/es\/wp-json\/wp\/v2\/product\/463","targetHints":{"allow":["GET"]}}],"collection":[{"href":"https:\/\/milycruch.com\/es\/wp-json\/wp\/v2\/product"}],"about":[{"href":"https:\/\/milycruch.com\/es\/wp-json\/wp\/v2\/types\/product"}],"replies":[{"embeddable":true,"href":"https:\/\/milycruch.com\/es\/wp-json\/wp\/v2\/comments?post=463"}],"version-history":[{"count":0,"href":"https:\/\/milycruch.com\/es\/wp-json\/wp\/v2\/product\/463\/revisions"}],"wp:featuredmedia":[{"embeddable":true,"href":"https:\/\/milycruch.com\/es\/wp-json\/wp\/v2\/media\/729"}],"wp:attachment":[{"href":"https:\/\/milycruch.com\/es\/wp-json\/wp\/v2\/media?parent=463"}],"wp:term":[{"taxonomy":"product_brand","embeddable":true,"href":"https:\/\/milycruch.com\/es\/wp-json\/wp\/v2\/product_brand?post=463"},{"taxonomy":"product_cat","embeddable":true,"href":"https:\/\/milycruch.com\/es\/wp-json\/wp\/v2\/product_cat?post=463"},{"taxonomy":"product_tag","embeddable":true,"href":"https:\/\/milycruch.com\/es\/wp-json\/wp\/v2\/product_tag?post=463"}],"curies":[{"name":"gracias","href":"https:\/\/api.w.org\/{rel}","templated":true}]}}