{"id":460,"date":"2021-04-23T16:23:31","date_gmt":"2021-04-23T14:23:31","guid":{"rendered":"https:\/\/milycruch.com\/?post_type=product&#038;p=460"},"modified":"2024-01-24T22:16:56","modified_gmt":"2024-01-24T21:16:56","slug":"tu-ilustre-retrato","status":"publish","type":"product","link":"https:\/\/milycruch.com\/es\/produit\/ton-portrait-illustre\/","title":{"rendered":"Tu retrato ilustrado"},"content":{"rendered":"<p>Te ilustro en mi peque\u00f1o mundo a partir de una foto tuya o de una persona querida. Puedes regalarla o qued\u00e1rtela para ti; la desarrollar\u00e1s en otros medios que aparecer\u00e1n en mi tienda.<\/p>","protected":false},"excerpt":{"rendered":"<p>Te ilustro en mi peque\u00f1o mundo a partir de una foto tuya o de una persona querida. Puedes regalarla o qued\u00e1rtela para ti; la desarrollar\u00e1s en otros medios que aparecer\u00e1n en mi tienda.<\/p>","protected":false},"featured_media":1293,"comment_status":"closed","ping_status":"closed","template":"","meta":[],"product_brand":[],"product_cat":[35],"product_tag":[],"class_list":{"0":"post-460","1":"product","2":"type-product","3":"status-publish","4":"has-post-thumbnail","6":"product_cat-portraits-illustres","8":"first","9":"instock","10":"taxable","11":"shipping-taxable","12":"purchasable","13":"product-type-simple"},"_links":{"self":[{"href":"https:\/\/milycruch.com\/es\/wp-json\/wp\/v2\/product\/460","targetHints":{"allow":["GET"]}}],"collection":[{"href":"https:\/\/milycruch.com\/es\/wp-json\/wp\/v2\/product"}],"about":[{"href":"https:\/\/milycruch.com\/es\/wp-json\/wp\/v2\/types\/product"}],"replies":[{"embeddable":true,"href":"https:\/\/milycruch.com\/es\/wp-json\/wp\/v2\/comments?post=460"}],"version-history":[{"count":0,"href":"https:\/\/milycruch.com\/es\/wp-json\/wp\/v2\/product\/460\/revisions"}],"wp:featuredmedia":[{"embeddable":true,"href":"https:\/\/milycruch.com\/es\/wp-json\/wp\/v2\/media\/1293"}],"wp:attachment":[{"href":"https:\/\/milycruch.com\/es\/wp-json\/wp\/v2\/media?parent=460"}],"wp:term":[{"taxonomy":"product_brand","embeddable":true,"href":"https:\/\/milycruch.com\/es\/wp-json\/wp\/v2\/product_brand?post=460"},{"taxonomy":"product_cat","embeddable":true,"href":"https:\/\/milycruch.com\/es\/wp-json\/wp\/v2\/product_cat?post=460"},{"taxonomy":"product_tag","embeddable":true,"href":"https:\/\/milycruch.com\/es\/wp-json\/wp\/v2\/product_tag?post=460"}],"curies":[{"name":"gracias","href":"https:\/\/api.w.org\/{rel}","templated":true}]}}