{"id":30421,"date":"2023-09-09T19:10:39","date_gmt":"2023-09-09T17:10:39","guid":{"rendered":"https:\/\/milycruch.com\/?post_type=product&#038;p=30421"},"modified":"2023-10-25T23:51:08","modified_gmt":"2023-10-25T21:51:08","slug":"taieki-molky","status":"publish","type":"product","link":"https:\/\/milycruch.com\/es\/produit\/molkky-taieki\/","title":{"rendered":"Juego de bolos n\u00f3rdicos M\u00f6lkky TAIEKI"},"content":{"rendered":"<p>\u00a1Hola, explorador del &quot;Arco\u00edris Molkky&quot;! Imag\u00ednate rodeado de un caleidoscopio de colores incre\u00edbles, donde los bolos de madera irradian rosa, azul y morado. Pero eso no es todo: los patrones vibrantes y fluidos dan vida a cada bolo, creando un espect\u00e1culo visual que te dejar\u00e1 sin palabras.<br \/>\nImag\u00ednate sosteniendo una obra de arte viviente en tus manos, llena de color. Las curvas danzantes y los patrones fluidos a\u00f1aden un toque de locura a cada lanzamiento. \u00a1Con colores que vuelan por todas partes al blandir el palo!<\/p>\n<p>Ahora imagina los bolos en la red integrada, \u00a1que atrapa cada bolo ca\u00eddo como un superh\u00e9roe atrapa a los malos! Se acab\u00f3 buscar por todas partes, la red se encarga de todo.<\/p>\n<p>\u00bfListos para sumergirte en una aventura colorida y divertida? &quot;El Molkky Arco\u00edris&quot; te invita a relajarte, re\u00edr y celebrar la alegr\u00eda de jugar al aire libre. \u00a1Toma el palo, crea olas de color y emb\u00e1rcate en esta vibrante aventura de &quot;El Molkky Arco\u00edris&quot;! \ud83c\udf08\ud83c\udf89<\/p>\n<p><strong>Reglas del juego:<\/strong><\/p>\n<ul>\n<li>Entrenamiento divertido: \u00a1Imagina un arco\u00edris en el suelo! Coloca los alfileres de madera, cada uno de un color diferente: rosa, azul y morado. Es como si los alfileres se estuvieran preparando para un festival de colores.<\/li>\n<li>Lanzamiento de Fiesta: \u00a1Agarra el palo de lanzamiento! \u00a1Es como tu boleto a la diversi\u00f3n! Al lanzar, los bolos bailan como si estuvieran dando un espect\u00e1culo.<\/li>\n<li>Puntuaci\u00f3n Explosiva: Cada bolo derribado gana puntos equivalentes a su n\u00famero. \u00bfUn bolo de 8? \u00a1Listo, 8 puntos en tu bolsillo! Cuantos m\u00e1s bolos derribes, m\u00e1s puntos ganar\u00e1s. \u00a1Emocionante, verdad?<\/li>\n<li>50, el N\u00famero M\u00e1gico: Este es el plan: Intenta alcanzar exactamente 50 puntos. Pero ten cuidado, si te pasas, te quedar\u00e1s con 25 puntos. Es como si el juego te hiciera un gui\u00f1o.<\/li>\n<li>Red de rescate: Los bolos ca\u00eddos se quedan en el suelo, listos para la siguiente ronda. La red integrada act\u00faa como un equipo de limpieza que se encarga de todo.<\/li>\n<li>La Coronaci\u00f3n: El primer jugador en alcanzar los 50 puntos se convierte en el amo del &quot;Molkky Arco\u00edris&quot;. \u00a1Imagina el momento de gloria!<\/li>\n<\/ul>\n<p>\u00bfListos para embarcarte en esta colorida y alegre aventura? Con estas reglas en la mano, est\u00e1s listo para brillar y festejar con el &quot;Arco\u00edris Molkky&quot;. \u00a1Toma el palo, llama a tus amigos y emb\u00e1rcate en esta aventura \u00e9pica de color y risas! \ud83c\udf08\ud83c\udf89<\/p>","protected":false},"excerpt":{"rendered":"<p>Salut \u00e0 toi, explorateur du \u00ab\u00a0Molkky Arc-en-Ciel\u00a0\u00bb ! Imagine-toi entour\u00e9 d&rsquo;un kal\u00e9idoscope de couleurs incroyables, o\u00f9 les quilles en bois rayonnent de rose, de bleu et de violet. Mais ce n&rsquo;est pas tout &#8211; les motifs fluides et audacieux donnent vie \u00e0 chaque quille, cr\u00e9ant un spectacle visuel qui te laissera sans voix. Te voir [&hellip;]<\/p>\n","protected":false},"featured_media":47277,"comment_status":"closed","ping_status":"closed","template":"","meta":[],"product_brand":[],"product_cat":[59],"product_tag":[66,65],"class_list":{"0":"post-30421","1":"product","2":"type-product","3":"status-publish","4":"has-post-thumbnail","6":"product_cat-jeux-de-quilles","7":"product_tag-jeu-de-quilles","8":"product_tag-molkky","10":"first","11":"instock","12":"sold-individually","13":"taxable","14":"shipping-taxable","15":"purchasable","16":"product-type-simple"},"_links":{"self":[{"href":"https:\/\/milycruch.com\/es\/wp-json\/wp\/v2\/product\/30421","targetHints":{"allow":["GET"]}}],"collection":[{"href":"https:\/\/milycruch.com\/es\/wp-json\/wp\/v2\/product"}],"about":[{"href":"https:\/\/milycruch.com\/es\/wp-json\/wp\/v2\/types\/product"}],"replies":[{"embeddable":true,"href":"https:\/\/milycruch.com\/es\/wp-json\/wp\/v2\/comments?post=30421"}],"version-history":[{"count":0,"href":"https:\/\/milycruch.com\/es\/wp-json\/wp\/v2\/product\/30421\/revisions"}],"wp:featuredmedia":[{"embeddable":true,"href":"https:\/\/milycruch.com\/es\/wp-json\/wp\/v2\/media\/47277"}],"wp:attachment":[{"href":"https:\/\/milycruch.com\/es\/wp-json\/wp\/v2\/media?parent=30421"}],"wp:term":[{"taxonomy":"product_brand","embeddable":true,"href":"https:\/\/milycruch.com\/es\/wp-json\/wp\/v2\/product_brand?post=30421"},{"taxonomy":"product_cat","embeddable":true,"href":"https:\/\/milycruch.com\/es\/wp-json\/wp\/v2\/product_cat?post=30421"},{"taxonomy":"product_tag","embeddable":true,"href":"https:\/\/milycruch.com\/es\/wp-json\/wp\/v2\/product_tag?post=30421"}],"curies":[{"name":"gracias","href":"https:\/\/api.w.org\/{rel}","templated":true}]}}