{"id":239706,"date":"2024-04-09T16:58:15","date_gmt":"2024-04-09T14:58:15","guid":{"rendered":"https:\/\/milycruch.com\/?post_type=product&#038;p=239706"},"modified":"2024-04-09T19:09:05","modified_gmt":"2024-04-09T17:09:05","slug":"cenicero-de-limon-ardiente","status":"publish","type":"product","link":"https:\/\/milycruch.com\/es\/produit\/cendrier-citron-en-flamme\/","title":{"rendered":"Cenicero LIM\u00d3N EN LLAMAS"},"content":{"rendered":"<p>\u00bfEres fumador y buscas un cenicero \u00fanico? \u00bfBuscas algo \u00fanico que te distinga de otros fumadores? \u00a1Entonces este cenicero, que combina con tu decoraci\u00f3n y personalidad, ser\u00e1 perfecto para ti!<\/p>\n<p>Es una verdadera obra de arte. Tiene la forma de un lim\u00f3n de colores brillantes, \u00a1un milycruch especial!<\/p>\n<p>Este cenicero es un regalo que encantar\u00e1 a tus seres queridos fumadores. Es ideal para una ocasi\u00f3n especial, como un cumplea\u00f1os, una fiesta o un ascenso.<\/p>\n<p>Caracter\u00edsticas :<br \/>\n\u2022 Material: pasta autoendurecible<br \/>\n\u2022 Forma: lim\u00f3n<br \/>\n\u2022 Color: amarillo<\/p>","protected":false},"excerpt":{"rendered":"<p>Tu es fumeur et tu cherches un cendrier original ? Tu veux un objet unique, qui te distingue des autres fumeurs ? Alors, ce cendrier qui peut \u00eatre assorti \u00e0 ta d\u00e9coration ou \u00e0 ta personnalit\u00e9 va te plaire ! C&rsquo;est un v\u00e9ritable objet d&rsquo;art. En forme de citron aux couleurs vives sp\u00e9cial \u00e0 la [&hellip;]<\/p>\n","protected":false},"featured_media":188217,"comment_status":"closed","ping_status":"closed","template":"","meta":[],"product_brand":[],"product_cat":[83],"product_tag":[84],"class_list":{"0":"post-239706","1":"product","2":"type-product","3":"status-publish","4":"has-post-thumbnail","6":"product_cat-cendriers","7":"product_tag-cendrier","8":"product_shipping_class-lettre-petit-colis","10":"first","11":"instock","12":"taxable","13":"shipping-taxable","14":"purchasable","15":"product-type-simple"},"_links":{"self":[{"href":"https:\/\/milycruch.com\/es\/wp-json\/wp\/v2\/product\/239706","targetHints":{"allow":["GET"]}}],"collection":[{"href":"https:\/\/milycruch.com\/es\/wp-json\/wp\/v2\/product"}],"about":[{"href":"https:\/\/milycruch.com\/es\/wp-json\/wp\/v2\/types\/product"}],"replies":[{"embeddable":true,"href":"https:\/\/milycruch.com\/es\/wp-json\/wp\/v2\/comments?post=239706"}],"version-history":[{"count":0,"href":"https:\/\/milycruch.com\/es\/wp-json\/wp\/v2\/product\/239706\/revisions"}],"wp:featuredmedia":[{"embeddable":true,"href":"https:\/\/milycruch.com\/es\/wp-json\/wp\/v2\/media\/188217"}],"wp:attachment":[{"href":"https:\/\/milycruch.com\/es\/wp-json\/wp\/v2\/media?parent=239706"}],"wp:term":[{"taxonomy":"product_brand","embeddable":true,"href":"https:\/\/milycruch.com\/es\/wp-json\/wp\/v2\/product_brand?post=239706"},{"taxonomy":"product_cat","embeddable":true,"href":"https:\/\/milycruch.com\/es\/wp-json\/wp\/v2\/product_cat?post=239706"},{"taxonomy":"product_tag","embeddable":true,"href":"https:\/\/milycruch.com\/es\/wp-json\/wp\/v2\/product_tag?post=239706"}],"curies":[{"name":"gracias","href":"https:\/\/api.w.org\/{rel}","templated":true}]}}