{"id":306,"date":"2021-04-11T17:01:52","date_gmt":"2021-04-11T15:01:52","guid":{"rendered":"https:\/\/milycruch.com\/?page_id=306"},"modified":"2024-04-10T14:08:34","modified_gmt":"2024-04-10T12:08:34","slug":"condiciones-generales-de-venta","status":"publish","type":"page","link":"https:\/\/milycruch.com\/es\/conditions-generales-de-vente\/","title":{"rendered":"Condiciones generales de venta"},"content":{"rendered":"<div data-elementor-type=\"wp-page\" data-elementor-id=\"306\" class=\"elementor elementor-306\" data-elementor-post-type=\"page\">\n\t\t\t\t<div class=\"elementor-element elementor-element-17f0501 e-flex e-con-boxed e-con e-parent\" data-id=\"17f0501\" data-element_type=\"container\" data-e-type=\"container\">\n\t\t\t\t\t<div class=\"e-con-inner\">\n\t\t\t\t<div class=\"elementor-element elementor-element-eaa9619 elementor-widget elementor-widget-text-editor\" data-id=\"eaa9619\" data-element_type=\"widget\" data-e-type=\"widget\" data-widget_type=\"text-editor.default\">\n\t\t\t\t\t\t\t\t\t<p><b>MILYCRUCH SE COMPROMETE A OFRECER PRODUCTOS DE CALIDAD Y CUIDADO. NUESTRAS ILUSTRACIONES, DIBUJADAS A MANO, SE IMPRIME EN CASA EN PAPEL GRUESO DE MARCA O A TRAV\u00c9S DE PROVEEDORES ESPECIALIZADOS DE REFERENCIA. NOS ESFORZAMOS POR BRINDAR UN SERVICIO EFICIENTE Y R\u00c1PIDO PARA SATISFACER A NUESTROS VALIOSOS CLIENTES.<\/b><\/p>\n<p><b>&nbsp;POR FAVOR CONT\u00c1CTENOS SI HAY ALGO QUE PODAMOS HACER PARA MEJORAR NUESTROS PRODUCTOS, ENTREGAS O CUALQUIER OTRO ASPECTO.<\/b><\/p>\n<p><b>&nbsp;<\/b><\/p>\n<p><b>PAGO<\/b><br><span style=\"font-size: 16.0016px;\">MILYCRUCH<\/span>&nbsp;Aceptamos pagos con las principales tarjetas de cr\u00e9dito o cuentas de PayPal a trav\u00e9s de nuestra plataforma segura. Esta plataforma garantiza reembolsos en caso de disputa, falta de entrega o defecto del producto. No necesita crear ni tener una cuenta de PayPal para pagar con su tarjeta de cr\u00e9dito. Solo necesita su informaci\u00f3n de contacto y el pago se completa de forma r\u00e1pida y sencilla con un solo clic.&nbsp;<\/p>\n<p><b>ENV\u00cdO<\/b><br>Los pedidos se procesan en un plazo de 1 a 3 d\u00edas laborables a partir de su pedido. Todos los pedidos se env\u00edan a trav\u00e9s de LA POSTE o Mondial Relay, seg\u00fan el tama\u00f1o del pedido y el pa\u00eds de destino. Recibir\u00e1 una notificaci\u00f3n de env\u00edo con seguimiento en el correo electr\u00f3nico proporcionado al momento del env\u00edo. Una vez enviado su pedido, no podremos actuar hasta que llegue. Consulte la informaci\u00f3n de seguimiento para conocer la fecha de entrega. No ofrecemos reembolsos ni reemplazos por entregas tard\u00edas, ya que esto es ajeno a nuestro control.<\/p>\n<p><b>TRANSPORTE INTERNACIONAL<\/b><br>El env\u00edo internacional est\u00e1 disponible a trav\u00e9s de LA POSTE COLISSIMO.&nbsp;<span style=\"font-size: 16.0016px;\">MILYCRUCH<\/span>&nbsp;No nos hacemos responsables de las tasas aduaneras ni de los impuestos que puedan aplicarse. Los env\u00edos internacionales pueden tardar entre 5 y 21 d\u00edas laborables. Recibir\u00e1s una notificaci\u00f3n de env\u00edo con seguimiento en el correo electr\u00f3nico que proporcionaste al realizar el pedido.<\/p>\n<p><b>IMPUESTOS<br><\/b>Estamos obligados a cobrar el impuesto sobre las ventas (IVA franc\u00e9s) en todos nuestros pedidos nacionales e internacionales a una tasa establecida en 20%.<\/p>\n<p><b>DEVOLUCIONES Y CAMBIOS<br><\/b>Solo aceptamos devoluciones de productos no personalizados, como juegos y postales. Los paquetes da\u00f1ados con foto se reemplazar\u00e1n sin cargo. Si su paquete se pierde, presentaremos una reclamaci\u00f3n a la empresa de transporte. Una vez recibido el reembolso por los art\u00edculos perdidos, se le reembolsar\u00e1 el importe o se le enviar\u00e1 un reemplazo. No se pueden presentar reclamaciones 30 d\u00edas despu\u00e9s de la fecha de env\u00edo; los reembolsos pueden tardar desde unos d\u00edas hasta dos semanas, seg\u00fan el m\u00e9todo de pago y su entidad bancaria. Los gastos de env\u00edo no son reembolsables y los gastos de devoluci\u00f3n corren a cargo del cliente.<\/p>\n<p><b>AYUDAR<\/b><br>Si hubo un problema con su pedido o si su pedido se da\u00f1\u00f3 durante el transporte, complete nuestro formulario de contacto y h\u00e1ganos saber c\u00f3mo podemos ayudarlo.<\/p>\n<p>gracias por su confianza<\/p>\n<p><\/p>\t\t\t\t\t\t\t\t<\/div>\n\t\t\t\t\t<\/div>\n\t\t\t\t<\/div>\n\t\t\t\t<\/div>","protected":false},"excerpt":{"rendered":"<p>MILYCRUCH S&rsquo;ENGAGE \u00c0 FOURNIR DES PRODUITS SOIGNEUX ET DE QUALIT\u00c9. LES ILLUSTRATIONS R\u00c9ALIS\u00c9S \u00c0 LA MAIN SONT IMPRIM\u00c9ES MAISON SUR DES PAPIERS \u00c9PAIS DE MARQUE OU CHEZ DES FOURNISSEURS R\u00c9F\u00c9RENTS ET SP\u00c9CIALISTES. NOUS METTONS TOUT EN \u0152UVRE POUR OBTENIR UN SERVICE EFFICACE ET RAPIDE AFIN DE SATISFAIRE NOS PR\u00c9CIEUX CLIENTS. &nbsp;N\u00b4H\u00c9SITEZ PAS \u00c0 NOUS CONTACTER [&hellip;]<\/p>\n","protected":false},"author":1,"featured_media":0,"parent":0,"menu_order":35,"comment_status":"closed","ping_status":"closed","template":"","meta":{"footnotes":""},"class_list":["post-306","page","type-page","status-publish","hentry"],"_links":{"self":[{"href":"https:\/\/milycruch.com\/es\/wp-json\/wp\/v2\/pages\/306","targetHints":{"allow":["GET"]}}],"collection":[{"href":"https:\/\/milycruch.com\/es\/wp-json\/wp\/v2\/pages"}],"about":[{"href":"https:\/\/milycruch.com\/es\/wp-json\/wp\/v2\/types\/page"}],"author":[{"embeddable":true,"href":"https:\/\/milycruch.com\/es\/wp-json\/wp\/v2\/users\/1"}],"replies":[{"embeddable":true,"href":"https:\/\/milycruch.com\/es\/wp-json\/wp\/v2\/comments?post=306"}],"version-history":[{"count":0,"href":"https:\/\/milycruch.com\/es\/wp-json\/wp\/v2\/pages\/306\/revisions"}],"wp:attachment":[{"href":"https:\/\/milycruch.com\/es\/wp-json\/wp\/v2\/media?parent=306"}],"curies":[{"name":"gracias","href":"https:\/\/api.w.org\/{rel}","templated":true}]}}