{"id":192,"date":"2020-05-17T11:14:21","date_gmt":"2020-05-17T09:14:21","guid":{"rendered":"https:\/\/milycruch.com\/about\/"},"modified":"2025-08-01T17:18:11","modified_gmt":"2025-08-01T15:18:11","slug":"quien-soy","status":"publish","type":"page","link":"https:\/\/milycruch.com\/es\/qui-suis-je\/","title":{"rendered":"Qui\u00e9n soy"},"content":{"rendered":"<div data-elementor-type=\"wp-page\" data-elementor-id=\"192\" class=\"elementor elementor-192\" data-elementor-post-type=\"page\">\n\t\t\t\t<div class=\"elementor-element elementor-element-38be2b6 e-flex e-con-boxed e-con e-parent\" data-id=\"38be2b6\" data-element_type=\"container\" data-e-type=\"container\">\n\t\t\t\t\t<div class=\"e-con-inner\">\n\t\t\t\t<div class=\"elementor-element elementor-element-336b782 elementor-widget__width-initial elementor-widget-mobile__width-inherit elementor-invisible elementor-widget elementor-widget-text-editor\" data-id=\"336b782\" data-element_type=\"widget\" data-e-type=\"widget\" data-settings=\"{&quot;_animation&quot;:&quot;slideInLeft&quot;}\" data-widget_type=\"text-editor.default\">\n\t\t\t\t\t\t\t\t\t<h4>Saludos a todos !<\/h4>\n<p>D\u00e9jame presentarme, soy Nell, tengo 23 a\u00f1os y soy creativa de coraz\u00f3n, obsesionada con todo lo relacionado con el arte y oh, ni me hagas hablar del longboard, \u00a1es como si bailara en las aceras (o me las comiera)!<\/p>\n<p>\u00bfM\u00fasica? Es mi combustible, mi poci\u00f3n m\u00e1gica. Me impulsa a olas de inspiraci\u00f3n y hace bailar mi vida diaria. Imagina un mundo sin melod\u00edas pegadizas: una aut\u00e9ntica pesadilla, \u00bfverdad?<\/p>\n<p>Durante el confinamiento, fue como si el universo hubiera lanzado una varita m\u00e1gica a mi creatividad. \u00a1Y listo, naci\u00f3 MilyCruch! Es mi doble divertida y siempre alegre, con un toque de alegr\u00eda y una generosa dosis de optimismo. \u00a1A\u00f1\u00e1dele un toque de humor y estar\u00e1s lista para embarcarte en mi emocionante mundo!<\/p>\n<p>Tengo mi propia paleta de colores; es como mi cofre del tesoro secreto. Me encanta jugar con el azul petr\u00f3leo y el amarillo mostaza; estos tonos son como mi sello personal. \u00bfY mis influencias? \u00a1Los c\u00f3mics, por supuesto!<\/p>\n<p>Y ahora, amigos, me lanzo a la piscina y comparto mi mundo alocado con ustedes. Espero que los llene de creatividad y energ\u00eda positiva. \u00bfMi sue\u00f1o? \u00a1Que mi universo alocado crezca e inunde su vida diaria!<\/p>\n<p>Much\u00edsimas gracias por traer un toque de magia a mi vida. Ya eres oficialmente miembro de mi tribu feliz, y estoy encantad\u00edsima de tenerte a bordo.<\/p>\n<p>Hola amigos creativos,<br>MilyCruch \ud83c\udfa8\ud83d\ude80\ud83c\udfb6<\/p>\t\t\t\t\t\t\t\t<\/div>\n\t\t\t\t<div class=\"elementor-element elementor-element-474ff49 elementor-widget__width-initial elementor-widget-mobile__width-inherit animated-slow elementor-invisible elementor-widget elementor-widget-image\" data-id=\"474ff49\" data-element_type=\"widget\" data-e-type=\"widget\" data-settings=\"{&quot;_animation&quot;:&quot;zoomInDown&quot;}\" data-widget_type=\"image.default\">\n\t\t\t\t\t\t\t\t\t\t\t\t\t\t\t<img decoding=\"async\" data-src=\"https:\/\/milycruch.com\/wp-content\/uploads\/elementor\/thumbs\/IMG_2580-qf182p1hpfnmavizmcvcreoqjs2grwfe2lgb3ppdhc.jpeg\" title=\"IMG 2580\" alt=\"IMG 2580\" src=\"data:image\/svg+xml;base64,PHN2ZyB3aWR0aD0iMSIgaGVpZ2h0PSIxIiB4bWxucz0iaHR0cDovL3d3dy53My5vcmcvMjAwMC9zdmciPjwvc3ZnPg==\" class=\"lazyload\" style=\"--smush-placeholder-width: 700px; --smush-placeholder-aspect-ratio: 700\/1600;\" \/>\t\t\t\t\t\t\t\t\t\t\t\t\t\t\t<\/div>\n\t\t\t\t\t<\/div>\n\t\t\t\t<\/div>\n\t\t\t\t<\/div>","protected":false},"excerpt":{"rendered":"<p>Salut tout le monde ! Je me pr\u00e9sente , je suis Nell , j&rsquo;ai 23 ans et je suis une cr\u00e9atrice dans l&rsquo;\u00e2me, obs\u00e9d\u00e9e par tout ce qui a un lien avec l&rsquo;art et puis oh, ne me lancez pas sur le sujet du longboard \u2013 c&rsquo;est comme si je dansais sur les trottoirs (ou [&hellip;]<\/p>\n","protected":false},"author":1,"featured_media":0,"parent":0,"menu_order":4,"comment_status":"closed","ping_status":"closed","template":"","meta":{"footnotes":""},"class_list":["post-192","page","type-page","status-publish","hentry"],"_links":{"self":[{"href":"https:\/\/milycruch.com\/es\/wp-json\/wp\/v2\/pages\/192","targetHints":{"allow":["GET"]}}],"collection":[{"href":"https:\/\/milycruch.com\/es\/wp-json\/wp\/v2\/pages"}],"about":[{"href":"https:\/\/milycruch.com\/es\/wp-json\/wp\/v2\/types\/page"}],"author":[{"embeddable":true,"href":"https:\/\/milycruch.com\/es\/wp-json\/wp\/v2\/users\/1"}],"replies":[{"embeddable":true,"href":"https:\/\/milycruch.com\/es\/wp-json\/wp\/v2\/comments?post=192"}],"version-history":[{"count":3,"href":"https:\/\/milycruch.com\/es\/wp-json\/wp\/v2\/pages\/192\/revisions"}],"predecessor-version":[{"id":433752,"href":"https:\/\/milycruch.com\/es\/wp-json\/wp\/v2\/pages\/192\/revisions\/433752"}],"wp:attachment":[{"href":"https:\/\/milycruch.com\/es\/wp-json\/wp\/v2\/media?parent=192"}],"curies":[{"name":"gracias","href":"https:\/\/api.w.org\/{rel}","templated":true}]}}