{"id":157,"date":"2020-05-26T07:11:56","date_gmt":"2020-05-26T05:11:56","guid":{"rendered":"https:\/\/milycruch.com\/cart\/"},"modified":"2025-08-01T17:27:08","modified_gmt":"2025-08-01T15:27:08","slug":"cesta","status":"publish","type":"page","link":"https:\/\/milycruch.com\/es\/panier\/","title":{"rendered":"Cesta"},"content":{"rendered":"<div data-elementor-type=\"wp-page\" data-elementor-id=\"157\" class=\"elementor elementor-157\" data-elementor-post-type=\"page\">\n\t\t\t\t<div class=\"elementor-element elementor-element-27df748f e-flex e-con-boxed e-con e-parent\" data-id=\"27df748f\" data-element_type=\"container\" data-e-type=\"container\">\n\t\t\t\t\t<div class=\"e-con-inner\">\n\t\t\t\t\t<\/div>\n\t\t\t\t<\/div>\n\t\t\t\t<\/div>","protected":false},"excerpt":{"rendered":"<p>Supprimer l\u2019\u00e9l\u00e9ment Miniature Produit Prix Quantit\u00e9 Sous-total &times; Jeu de quille nordique M\u00f6lkky TAIEKI 45,00&euro; quantit\u00e9 de Jeu de quille nordique M\u00f6lkky TAIEKI 45,00&euro; &times; Portrait Personnalis\u00e9 Cr\u00e9atif &#8211; Immortalisez votre moiti\u00e9 en illustration 15,80&euro; quantit\u00e9 de Portrait Personnalis\u00e9 Cr\u00e9atif &#8211; Immortalisez votre moiti\u00e9 en illustration 15,80&euro; Appliquer la r\u00e9duction Total Sous-total 60,80&euro; Exp\u00e9dition Lettre [&hellip;]<\/p>\n","protected":false},"author":1,"featured_media":0,"parent":0,"menu_order":21,"comment_status":"closed","ping_status":"closed","template":"","meta":{"footnotes":""},"class_list":["post-157","page","type-page","status-publish","hentry"],"_links":{"self":[{"href":"https:\/\/milycruch.com\/es\/wp-json\/wp\/v2\/pages\/157","targetHints":{"allow":["GET"]}}],"collection":[{"href":"https:\/\/milycruch.com\/es\/wp-json\/wp\/v2\/pages"}],"about":[{"href":"https:\/\/milycruch.com\/es\/wp-json\/wp\/v2\/types\/page"}],"author":[{"embeddable":true,"href":"https:\/\/milycruch.com\/es\/wp-json\/wp\/v2\/users\/1"}],"replies":[{"embeddable":true,"href":"https:\/\/milycruch.com\/es\/wp-json\/wp\/v2\/comments?post=157"}],"version-history":[{"count":1,"href":"https:\/\/milycruch.com\/es\/wp-json\/wp\/v2\/pages\/157\/revisions"}],"predecessor-version":[{"id":433754,"href":"https:\/\/milycruch.com\/es\/wp-json\/wp\/v2\/pages\/157\/revisions\/433754"}],"wp:attachment":[{"href":"https:\/\/milycruch.com\/es\/wp-json\/wp\/v2\/media?parent=157"}],"curies":[{"name":"gracias","href":"https:\/\/api.w.org\/{rel}","templated":true}]}}