{"id":155,"date":"2020-05-30T12:31:59","date_gmt":"2020-05-30T10:31:59","guid":{"rendered":"https:\/\/milycruch.com\/category\/"},"modified":"2023-12-30T16:59:34","modified_gmt":"2023-12-30T15:59:34","slug":"blog","status":"publish","type":"page","link":"https:\/\/milycruch.com\/es\/blog\/","title":{"rendered":"Blog"},"content":{"rendered":"<div data-elementor-type=\"wp-page\" data-elementor-id=\"155\" class=\"elementor elementor-155\" data-elementor-post-type=\"page\">\n\t\t\t\t<div class=\"elementor-element elementor-element-340f59c e-flex e-con-boxed e-con e-parent\" data-id=\"340f59c\" data-element_type=\"container\" data-e-type=\"container\" data-settings=\"{&quot;background_background&quot;:&quot;classic&quot;}\">\n\t\t\t\t\t<div class=\"e-con-inner\">\n\t\t\t\t<div class=\"elementor-element elementor-element-12eb7e8 elementor-widget elementor-widget-heading\" data-id=\"12eb7e8\" data-element_type=\"widget\" data-e-type=\"widget\" data-widget_type=\"heading.default\">\n\t\t\t\t\t<h1 class=\"elementor-heading-title elementor-size-default\">milyBlog<\/h1>\t\t\t\t<\/div>\n\t\t\t\t<div class=\"elementor-element elementor-element-e604f2d elementor-widget__width-inherit elementor-widget elementor-widget-text-editor\" data-id=\"e604f2d\" data-element_type=\"widget\" data-e-type=\"widget\" data-widget_type=\"text-editor.default\">\n\t\t\t\t\t\t\t\t\t<p>Art\u00edculos crujientes sobre juegos de cartas, molkky y otros temas que me fascinan.<\/p>\t\t\t\t\t\t\t\t<\/div>\n\t\t\t\t\t<\/div>\n\t\t\t\t<\/div>\n\t\t<div class=\"elementor-element elementor-element-da4a545 e-flex e-con-boxed e-con e-parent\" data-id=\"da4a545\" data-element_type=\"container\" data-e-type=\"container\">\n\t\t\t\t\t<div class=\"e-con-inner\">\n\t\t\t\t<div class=\"elementor-element elementor-element-33a1632 elementor-grid-3 elementor-grid-tablet-2 elementor-grid-mobile-1 elementor-posts--thumbnail-top elementor-card-shadow-yes elementor-posts__hover-gradient elementor-widget elementor-widget-posts\" data-id=\"33a1632\" data-element_type=\"widget\" data-e-type=\"widget\" data-settings=\"{&quot;cards_columns&quot;:&quot;3&quot;,&quot;cards_columns_tablet&quot;:&quot;2&quot;,&quot;cards_columns_mobile&quot;:&quot;1&quot;,&quot;cards_row_gap&quot;:{&quot;unit&quot;:&quot;px&quot;,&quot;size&quot;:35,&quot;sizes&quot;:[]},&quot;cards_row_gap_tablet&quot;:{&quot;unit&quot;:&quot;px&quot;,&quot;size&quot;:&quot;&quot;,&quot;sizes&quot;:[]},&quot;cards_row_gap_mobile&quot;:{&quot;unit&quot;:&quot;px&quot;,&quot;size&quot;:&quot;&quot;,&quot;sizes&quot;:[]}}\" data-widget_type=\"posts.cards\">\n\t\t\t\t<div class=\"elementor-widget-container\">\n\t\t\t\t\t\t\t<div class=\"elementor-posts-container elementor-posts elementor-posts--skin-cards elementor-grid\" role=\"list\">\n\t\t\t\t<article class=\"elementor-post elementor-grid-item post-187547 post type-post status-publish format-standard has-post-thumbnail hentry category-jeu-de-carte\" role=\"listitem\">\n\t\t\t<div class=\"elementor-post__card\">\n\t\t\t\t<a class=\"elementor-post__thumbnail__link\" href=\"https:\/\/milycruch.com\/es\/pourquoi-acheter-un-jeu-de-carte-cree-par-un-artisan-et-pas-en-magasin\/\" tabindex=\"-1\" ><div class=\"elementor-post__thumbnail\"><img fetchpriority=\"high\" decoding=\"async\" width=\"768\" height=\"768\" src=\"https:\/\/milycruch.com\/wp-content\/uploads\/2024\/01\/lexcuse_-10-768x768.jpg\" class=\"attachment-medium_large size-medium_large wp-image-188328\" alt=\"\" srcset=\"https:\/\/milycruch.com\/wp-content\/uploads\/2024\/01\/lexcuse_-10-768x768.jpg 768w, https:\/\/milycruch.com\/wp-content\/uploads\/2024\/01\/lexcuse_-10-300x300.jpg 300w, https:\/\/milycruch.com\/wp-content\/uploads\/2024\/01\/lexcuse_-10-1024x1024.jpg 1024w, https:\/\/milycruch.com\/wp-content\/uploads\/2024\/01\/lexcuse_-10-150x150.jpg 150w, https:\/\/milycruch.com\/wp-content\/uploads\/2024\/01\/lexcuse_-10-100x100.jpg 100w\" sizes=\"(max-width: 768px) 100vw, 768px\"><\/div><\/a>\n\t\t\t\t<div class=\"elementor-post__badge\">juego de cartas<\/div>\n\t\t\t\t<div class=\"elementor-post__text\">\n\t\t\t\t<h3 class=\"elementor-post__title\">\n\t\t\t<a href=\"https:\/\/milycruch.com\/es\/pourquoi-acheter-un-jeu-de-carte-cree-par-un-artisan-et-pas-en-magasin\/\" >\n\t\t\t\t\u00bfPor qu\u00e9 comprar un juego de cartas creado por un artesano y no en una tienda?\t\t\t<\/a>\n\t\t<\/h3>\n\t\t\t\t<div class=\"elementor-post__excerpt\">\n\t\t\t<p>\u00a1Los juegos de cartas son la vida! Puedes jugar a juegos de mesa tradicionales, a juegos de cartas coleccionables o simplemente divertirte con tus amigos. Pero al comprar un juego de cartas, tienes dos opciones: juegos de cartas de producci\u00f3n en masa y juegos de cartas personalizados.<\/p>\n\t\t<\/div>\n\t\t\t\t\t<div class=\"elementor-post__read-more-wrapper\">\n\t\t\n\t\t<a class=\"elementor-post__read-more\" href=\"https:\/\/milycruch.com\/es\/pourquoi-acheter-un-jeu-de-carte-cree-par-un-artisan-et-pas-en-magasin\/\" aria-label=\"M\u00e1s informaci\u00f3n sobre \u00bfPor qu\u00e9 comprar una baraja de cartas creada por un artesano y no en una tienda?\" tabindex=\"-1\" >\n\t\t\tleer el art\u00edculo \u00bb\t\t<\/a>\n\n\t\t\t\t\t<\/div>\n\t\t\t\t<\/div>\n\t\t\t\t<div class=\"elementor-post__meta-data\">\n\t\t\t\t\t<span class=\"elementor-post-date\">\n\t\t\t15 enero 2024\t\t<\/span>\n\t\t\t\t<\/div>\n\t\t\t\t\t<\/div>\n\t\t<\/article>\n\t\t\t\t<article class=\"elementor-post elementor-grid-item post-177019 post type-post status-publish format-standard has-post-thumbnail hentry category-molkky tag-fait-main tag-mollky tag-sur-mesure\" role=\"listitem\">\n\t\t\t<div class=\"elementor-post__card\">\n\t\t\t\t<a class=\"elementor-post__thumbnail__link\" href=\"https:\/\/milycruch.com\/es\/10-raisons-pour-lesquelles-offrir-un-molkky-personnalise\/\" tabindex=\"-1\" ><div class=\"elementor-post__thumbnail\"><img decoding=\"async\" width=\"768\" height=\"768\" data-src=\"https:\/\/milycruch.com\/wp-content\/uploads\/2023\/12\/20231122_145522-01_Original-768x768.jpeg\" class=\"attachment-medium_large size-medium_large wp-image-177662 lazyload\" alt=\"\" data-srcset=\"https:\/\/milycruch.com\/wp-content\/uploads\/2023\/12\/20231122_145522-01_Original-768x768.jpeg 768w, https:\/\/milycruch.com\/wp-content\/uploads\/2023\/12\/20231122_145522-01_Original-300x300.jpeg 300w, https:\/\/milycruch.com\/wp-content\/uploads\/2023\/12\/20231122_145522-01_Original-1024x1024.jpeg 1024w, https:\/\/milycruch.com\/wp-content\/uploads\/2023\/12\/20231122_145522-01_Original-150x150.jpeg 150w, https:\/\/milycruch.com\/wp-content\/uploads\/2023\/12\/20231122_145522-01_Original-100x100.jpeg 100w\" data-sizes=\"(max-width: 768px) 100vw, 768px\" src=\"data:image\/svg+xml;base64,PHN2ZyB3aWR0aD0iMSIgaGVpZ2h0PSIxIiB4bWxucz0iaHR0cDovL3d3dy53My5vcmcvMjAwMC9zdmciPjwvc3ZnPg==\" style=\"--smush-placeholder-width: 768px; --smush-placeholder-aspect-ratio: 768\/768;\"><\/div><\/a>\n\t\t\t\t<div class=\"elementor-post__badge\">molkky<\/div>\n\t\t\t\t<div class=\"elementor-post__text\">\n\t\t\t\t<h3 class=\"elementor-post__title\">\n\t\t\t<a href=\"https:\/\/milycruch.com\/es\/10-raisons-pour-lesquelles-offrir-un-molkky-personnalise\/\" >\n\t\t\t\t10 razones para regalar un M\u00f6lkky personalizado\t\t\t<\/a>\n\t\t<\/h3>\n\t\t\t\t<div class=\"elementor-post__excerpt\">\n\t\t\t<p>&nbsp; 1 Personalizaci\u00f3n \u00fanica: Porque, en serio, \u00bfqui\u00e9n quiere un cactus cuando puedes tener un M\u00f6lkky con el nombre de tu t\u00eda Gertrude grabado? 2 Una experiencia de juego mejorada. Nada es m\u00e1s divertido que ver a tu amigo intentar lanzar el M\u00f6lkky despu\u00e9s de personalizar demasiado sus reglas. 3 Creatividad ilimitada.<\/p>\n\t\t<\/div>\n\t\t\t\t\t<div class=\"elementor-post__read-more-wrapper\">\n\t\t\n\t\t<a class=\"elementor-post__read-more\" href=\"https:\/\/milycruch.com\/es\/10-raisons-pour-lesquelles-offrir-un-molkky-personnalise\/\" aria-label=\"M\u00e1s informaci\u00f3n sobre 10 razones para regalar un juego de M\u00f6lkky personalizado\" tabindex=\"-1\" >\n\t\t\tleer el art\u00edculo \u00bb\t\t<\/a>\n\n\t\t\t\t\t<\/div>\n\t\t\t\t<\/div>\n\t\t\t\t<div class=\"elementor-post__meta-data\">\n\t\t\t\t\t<span class=\"elementor-post-date\">\n\t\t\t29 de diciembre de 2023\t\t<\/span>\n\t\t\t\t<\/div>\n\t\t\t\t\t<\/div>\n\t\t<\/article>\n\t\t\t\t<article class=\"elementor-post elementor-grid-item post-176805 post type-post status-publish format-standard has-post-thumbnail hentry category-cendrier tag-cendrier tag-fait-main tag-sur-mesure\" role=\"listitem\">\n\t\t\t<div class=\"elementor-post__card\">\n\t\t\t\t<a class=\"elementor-post__thumbnail__link\" href=\"https:\/\/milycruch.com\/es\/cendrier-personnalise-ton-objet-de-caractere\/\" tabindex=\"-1\" ><div class=\"elementor-post__thumbnail\"><img decoding=\"async\" width=\"768\" height=\"768\" data-src=\"https:\/\/milycruch.com\/wp-content\/uploads\/2023\/12\/IMG_2879-768x768.jpeg\" class=\"attachment-medium_large size-medium_large wp-image-176957 lazyload\" alt=\"\" data-srcset=\"https:\/\/milycruch.com\/wp-content\/uploads\/2023\/12\/IMG_2879-768x768.jpeg 768w, https:\/\/milycruch.com\/wp-content\/uploads\/2023\/12\/IMG_2879-300x300.jpeg 300w, https:\/\/milycruch.com\/wp-content\/uploads\/2023\/12\/IMG_2879-1024x1024.jpeg 1024w, https:\/\/milycruch.com\/wp-content\/uploads\/2023\/12\/IMG_2879-150x150.jpeg 150w, https:\/\/milycruch.com\/wp-content\/uploads\/2023\/12\/IMG_2879-1536x1536.jpeg 1536w, https:\/\/milycruch.com\/wp-content\/uploads\/2023\/12\/IMG_2879-2048x2048.jpeg 2048w, https:\/\/milycruch.com\/wp-content\/uploads\/2023\/12\/IMG_2879-60x60.jpeg 60w, https:\/\/milycruch.com\/wp-content\/uploads\/2023\/12\/IMG_2879-110x110.jpeg 110w, https:\/\/milycruch.com\/wp-content\/uploads\/2023\/12\/IMG_2879-600x600.jpeg 600w, https:\/\/milycruch.com\/wp-content\/uploads\/2023\/12\/IMG_2879-100x100.jpeg 100w\" data-sizes=\"(max-width: 768px) 100vw, 768px\" src=\"data:image\/svg+xml;base64,PHN2ZyB3aWR0aD0iMSIgaGVpZ2h0PSIxIiB4bWxucz0iaHR0cDovL3d3dy53My5vcmcvMjAwMC9zdmciPjwvc3ZnPg==\" style=\"--smush-placeholder-width: 768px; --smush-placeholder-aspect-ratio: 768\/768;\"><\/div><\/a>\n\t\t\t\t<div class=\"elementor-post__badge\">cenicero<\/div>\n\t\t\t\t<div class=\"elementor-post__text\">\n\t\t\t\t<h3 class=\"elementor-post__title\">\n\t\t\t<a href=\"https:\/\/milycruch.com\/es\/cendrier-personnalise-ton-objet-de-caractere\/\" >\n\t\t\t\tCenicero personalizado: el objeto de tu personaje\t\t\t<\/a>\n\t\t<\/h3>\n\t\t\t\t<div class=\"elementor-post__excerpt\">\n\t\t\t<p>El cenicero es un objeto com\u00fan, esencial para cualquier fumador. Pero un cenicero no es sin\u00f3nimo de aburrimiento. De hecho, el cenicero personalizado es un objeto con car\u00e1cter que te refleja. Formas y colores para todos los gustos. Los ceniceros personalizados est\u00e1n disponibles en una amplia variedad de formas y colores. Puedes elegir un cenicero cl\u00e1sico, uno redondo o uno...<\/p>\n\t\t<\/div>\n\t\t\t\t\t<div class=\"elementor-post__read-more-wrapper\">\n\t\t\n\t\t<a class=\"elementor-post__read-more\" href=\"https:\/\/milycruch.com\/es\/cendrier-personnalise-ton-objet-de-caractere\/\" aria-label=\"M\u00e1s informaci\u00f3n sobre el cenicero personalizado: su art\u00edculo \u00fanico.\" tabindex=\"-1\" >\n\t\t\tleer el art\u00edculo \u00bb\t\t<\/a>\n\n\t\t\t\t\t<\/div>\n\t\t\t\t<\/div>\n\t\t\t\t<div class=\"elementor-post__meta-data\">\n\t\t\t\t\t<span class=\"elementor-post-date\">\n\t\t\t29 de diciembre de 2023\t\t<\/span>\n\t\t\t\t<\/div>\n\t\t\t\t\t<\/div>\n\t\t<\/article>\n\t\t\t\t<\/div>\n\t\t\n\t\t\t\t\t\t<\/div>\n\t\t\t\t<\/div>\n\t\t\t\t\t<\/div>\n\t\t\t\t<\/div>\n\t\t\t\t<\/div>","protected":false},"excerpt":{"rendered":"<p>milyBlog Art\u00edculos cr\u00edticos sobre juegos de cartas, molkky y otros temas que me fascinan<\/p>","protected":false},"author":1,"featured_media":0,"parent":0,"menu_order":3,"comment_status":"closed","ping_status":"closed","template":"","meta":{"footnotes":""},"class_list":["post-155","page","type-page","status-publish","hentry"],"_links":{"self":[{"href":"https:\/\/milycruch.com\/es\/wp-json\/wp\/v2\/pages\/155","targetHints":{"allow":["GET"]}}],"collection":[{"href":"https:\/\/milycruch.com\/es\/wp-json\/wp\/v2\/pages"}],"about":[{"href":"https:\/\/milycruch.com\/es\/wp-json\/wp\/v2\/types\/page"}],"author":[{"embeddable":true,"href":"https:\/\/milycruch.com\/es\/wp-json\/wp\/v2\/users\/1"}],"replies":[{"embeddable":true,"href":"https:\/\/milycruch.com\/es\/wp-json\/wp\/v2\/comments?post=155"}],"version-history":[{"count":0,"href":"https:\/\/milycruch.com\/es\/wp-json\/wp\/v2\/pages\/155\/revisions"}],"wp:attachment":[{"href":"https:\/\/milycruch.com\/es\/wp-json\/wp\/v2\/media?parent=155"}],"curies":[{"name":"gracias","href":"https:\/\/api.w.org\/{rel}","templated":true}]}}