{"id":192,"date":"2020-05-17T11:14:21","date_gmt":"2020-05-17T09:14:21","guid":{"rendered":"https:\/\/milycruch.com\/about\/"},"modified":"2025-08-01T17:18:11","modified_gmt":"2025-08-01T15:18:11","slug":"who-am-i","status":"publish","type":"page","link":"https:\/\/milycruch.com\/en\/qui-suis-je\/","title":{"rendered":"Who am I"},"content":{"rendered":"<div data-elementor-type=\"wp-page\" data-elementor-id=\"192\" class=\"elementor elementor-192\" data-elementor-post-type=\"page\">\n\t\t\t\t<div class=\"elementor-element elementor-element-38be2b6 e-flex e-con-boxed e-con e-parent\" data-id=\"38be2b6\" data-element_type=\"container\" data-e-type=\"container\">\n\t\t\t\t\t<div class=\"e-con-inner\">\n\t\t\t\t<div class=\"elementor-element elementor-element-336b782 elementor-widget__width-initial elementor-widget-mobile__width-inherit elementor-invisible elementor-widget elementor-widget-text-editor\" data-id=\"336b782\" data-element_type=\"widget\" data-e-type=\"widget\" data-settings=\"{&quot;_animation&quot;:&quot;slideInLeft&quot;}\" data-widget_type=\"text-editor.default\">\n\t\t\t\t\t\t\t\t\t<h4>Hello everyone !<\/h4>\n<p>Let me introduce myself, I&#039;m Nell, I&#039;m 23 years old and I&#039;m a creative at heart, obsessed with anything art related and oh, don&#039;t even get me started on the longboarding thing - it&#039;s like I dance on sidewalks (or eat them)!<\/p>\n<p>Music? It&#039;s my fuel, my magic potion. It propels me on waves of inspiration and makes my daily life dance. Imagine a world without catchy melodies\u2014a real nightmare, right?<\/p>\n<p>During lockdown, it was as if the universe had waved a magic wand at my creativity. And hey presto, MilyCruch was born! She&#039;s my funky, always cheerful double, with a touch of sunshine and a generous dose of optimism. Add a dash of humor and you&#039;re ready to embark on my exciting world!<\/p>\n<p>I have my own color palette; it&#039;s like my secret treasure chest. I love playing with petrol blue and mustard yellow\u2014these shades are kind of like my signature. And my influences? Comic books, of course!<\/p>\n<p>And now, friends, I&#039;m jumping in at the deep end and sharing my crazy world with you. I hope it will sweep you away in a whirlwind of creativity and positive energy. My dream? May my wacky universe grow and flood your daily life!<\/p>\n<p>A huge thank you for bringing a touch of magic into my life. You are officially members of my happy tribe, and I am beyond thrilled to have you on board.<\/p>\n<p>Hello creative friends,<br>MilyCruch \ud83c\udfa8\ud83d\ude80\ud83c\udfb6<\/p>\t\t\t\t\t\t\t\t<\/div>\n\t\t\t\t<div class=\"elementor-element elementor-element-474ff49 elementor-widget__width-initial elementor-widget-mobile__width-inherit animated-slow elementor-invisible elementor-widget elementor-widget-image\" data-id=\"474ff49\" data-element_type=\"widget\" data-e-type=\"widget\" data-settings=\"{&quot;_animation&quot;:&quot;zoomInDown&quot;}\" data-widget_type=\"image.default\">\n\t\t\t\t\t\t\t\t\t\t\t\t\t\t\t<img decoding=\"async\" data-src=\"https:\/\/milycruch.com\/wp-content\/uploads\/elementor\/thumbs\/IMG_2580-qf182p1hpfnmavizmcvcreoqjs2grwfe2lgb3ppdhc.jpeg\" title=\"IMG 2580\" alt=\"IMG 2580\" src=\"data:image\/svg+xml;base64,PHN2ZyB3aWR0aD0iMSIgaGVpZ2h0PSIxIiB4bWxucz0iaHR0cDovL3d3dy53My5vcmcvMjAwMC9zdmciPjwvc3ZnPg==\" class=\"lazyload\" style=\"--smush-placeholder-width: 700px; --smush-placeholder-aspect-ratio: 700\/1600;\" \/>\t\t\t\t\t\t\t\t\t\t\t\t\t\t\t<\/div>\n\t\t\t\t\t<\/div>\n\t\t\t\t<\/div>\n\t\t\t\t<\/div>","protected":false},"excerpt":{"rendered":"<p>Salut tout le monde ! Je me pr\u00e9sente , je suis Nell , j&rsquo;ai 23 ans et je suis une cr\u00e9atrice dans l&rsquo;\u00e2me, obs\u00e9d\u00e9e par tout ce qui a un lien avec l&rsquo;art et puis oh, ne me lancez pas sur le sujet du longboard \u2013 c&rsquo;est comme si je dansais sur les trottoirs (ou [&hellip;]<\/p>\n","protected":false},"author":1,"featured_media":0,"parent":0,"menu_order":4,"comment_status":"closed","ping_status":"closed","template":"","meta":{"footnotes":""},"class_list":["post-192","page","type-page","status-publish","hentry"],"_links":{"self":[{"href":"https:\/\/milycruch.com\/en\/wp-json\/wp\/v2\/pages\/192","targetHints":{"allow":["GET"]}}],"collection":[{"href":"https:\/\/milycruch.com\/en\/wp-json\/wp\/v2\/pages"}],"about":[{"href":"https:\/\/milycruch.com\/en\/wp-json\/wp\/v2\/types\/page"}],"author":[{"embeddable":true,"href":"https:\/\/milycruch.com\/en\/wp-json\/wp\/v2\/users\/1"}],"replies":[{"embeddable":true,"href":"https:\/\/milycruch.com\/en\/wp-json\/wp\/v2\/comments?post=192"}],"version-history":[{"count":3,"href":"https:\/\/milycruch.com\/en\/wp-json\/wp\/v2\/pages\/192\/revisions"}],"predecessor-version":[{"id":433752,"href":"https:\/\/milycruch.com\/en\/wp-json\/wp\/v2\/pages\/192\/revisions\/433752"}],"wp:attachment":[{"href":"https:\/\/milycruch.com\/en\/wp-json\/wp\/v2\/media?parent=192"}],"curies":[{"name":"wp","href":"https:\/\/api.w.org\/{rel}","templated":true}]}}